{"id":2904,"date":"2025-10-10T14:41:32","date_gmt":"2025-10-10T10:41:32","guid":{"rendered":"https:\/\/pronet.ge\/?post_type=product&#038;p=2904"},"modified":"2026-04-06T13:13:56","modified_gmt":"2026-04-06T09:13:56","slug":"16-%e1%83%90%e1%83%a0%e1%83%ae%e1%83%98%e1%83%90%e1%83%9c%e1%83%98-4k-nvr-se-215m16","status":"publish","type":"product","link":"https:\/\/pronet.ge\/en\/shop\/16-%e1%83%90%e1%83%a0%e1%83%ae%e1%83%98%e1%83%90%e1%83%9c%e1%83%98-4k-nvr-se-215m16\/","title":{"rendered":"16 Channels 4K NVR  \u2013 Supports up to 8MP, 1-HDD \u2013 SE-215M16"},"content":{"rendered":"<div class=\"tableoverflow\" style=\"width: 100%; overflow-x: auto;\">\n<table width=\"886\">\n<tbody>\n<tr>\n<td colspan=\"2\" width=\"886\" style=\"background-color: rgb(91, 155, 213); color: rgb(255, 255, 255);\">Video&nbsp;Input<\/td>\n<\/tr>\n<tr>\n<td width=\"171\">IP&nbsp;Camera&nbsp;Input<\/td>\n<td width=\"715\">16&nbsp;Channel<\/td>\n<\/tr>\n<tr>\n<td width=\"171\">Incoming&nbsp;Bandwidth<\/td>\n<td width=\"715\">80&nbsp;Mbps<\/td>\n<\/tr>\n<tr>\n<td width=\"171\">Outgoing&nbsp;Bandwidth<\/td>\n<td width=\"715\">40&nbsp;Mbps<\/td>\n<\/tr>\n<tr>\n<td colspan=\"2\" width=\"886\" style=\"background-color: rgb(91, 155, 213); color: rgb(255, 255, 255);\">Video&nbsp;Output<\/td>\n<\/tr>\n<tr>\n<td width=\"171\">HDMI&nbsp;Output<\/td>\n<td width=\"715\">3840\u00d72160,&nbsp;1920\u00d71080,&nbsp;1280\u00d71024,&nbsp;1024\u00d7768<\/td>\n<\/tr>\n<tr>\n<td width=\"171\">VGA&nbsp;Output<\/td>\n<td width=\"715\">1920\u00d71080,&nbsp;1280\u00d71024,&nbsp;1024\u00d7768<\/td>\n<\/tr>\n<tr>\n<td width=\"171\">Decoding&nbsp;Capacity<\/td>\n<td width=\"715\">1ch 8MP, 4ch 1080P, 16ch D1<\/td>\n<\/tr>\n<tr>\n<td width=\"171\">Dual&nbsp;Stream<\/td>\n<td width=\"715\">Support<\/td>\n<\/tr>\n<tr>\n<td width=\"171\">Multi-screen&nbsp;Display<\/td>\n<td width=\"715\">1\/2\/4\/6\/8\/9\/10\/16<\/td>\n<\/tr>\n<tr>\n<td colspan=\"2\" width=\"886\" style=\"background-color: rgb(91, 155, 213); color: rgb(255, 255, 255);\">Recording&nbsp;Management<\/td>\n<\/tr>\n<tr>\n<td width=\"171\">Resolution<\/td>\n<td width=\"715\">8MP,&nbsp;6MP,&nbsp;5MP,&nbsp;4MP,&nbsp;3MP,&nbsp;1080P,&nbsp;720P,&nbsp;D1&nbsp;etc.,<\/td>\n<\/tr>\n<tr>\n<td width=\"171\">Recording&nbsp;Mode<\/td>\n<td width=\"715\">Timing,&nbsp;Alarm,&nbsp;Timing&nbsp;and&nbsp;Alarm,&nbsp;&nbsp;Alarm&nbsp;include&nbsp;smart&nbsp;detection recording<\/td>\n<\/tr>\n<tr>\n<td width=\"171\">Trigger&nbsp;Events<\/td>\n<td width=\"715\">Human detection, Smart detection(AI Intelligent), Video Loss, Video covering, Alarm input<\/td>\n<\/tr>\n<tr>\n<td colspan=\"2\" width=\"886\" style=\"background-color: rgb(91, 155, 213); color: rgb(255, 255, 255);\">Playback&nbsp;and&nbsp;Backup<\/td>\n<\/tr>\n<tr>\n<td width=\"171\">Sync&nbsp;Playback<\/td>\n<td width=\"715\">1ch&nbsp;4K,&nbsp;4ch&nbsp;1080P,&nbsp;16ch&nbsp;D1<\/td>\n<\/tr>\n<tr>\n<td width=\"171\">Search&nbsp;Mode<\/td>\n<td width=\"715\">Normal,&nbsp;Motion,&nbsp;Time&nbsp;\/Date,&nbsp;Alarm&nbsp;input,&nbsp;Smart&nbsp;&nbsp;detection(AI&nbsp;Intelligent),&nbsp;Camera&nbsp;capture&nbsp;picture<\/td>\n<\/tr>\n<tr>\n<td width=\"171\">Backup&nbsp;Mode<\/td>\n<td width=\"715\">External&nbsp;USB&nbsp;Device,&nbsp;IMS&nbsp;software<\/td>\n<\/tr>\n<tr>\n<td colspan=\"2\" width=\"886\" style=\"background-color: rgb(91, 155, 213); color: rgb(255, 255, 255);\">Network<\/td>\n<\/tr>\n<tr>\n<td width=\"171\">Network&nbsp;Function<\/td>\n<td width=\"715\">HTTP,&nbsp;HTTPS,&nbsp;TCP\/IP,&nbsp;IPv4,&nbsp;UPnP,&nbsp;UDP,&nbsp;RTSP,&nbsp;RTMP,&nbsp;NTP,&nbsp;DNS,&nbsp;DHCP,&nbsp;P2P,&nbsp;IP&nbsp;Filter,&nbsp;DDNS,&nbsp;802.1X,&nbsp;SNMP,&nbsp;PPPoE<\/td>\n<\/tr>\n<tr>\n<td width=\"171\">Local&nbsp;&nbsp;Users<\/td>\n<td width=\"715\">15&nbsp;users&nbsp;in&nbsp;maximum<\/td>\n<\/tr>\n<tr>\n<td width=\"171\">Smart&nbsp;Phone<\/td>\n<td width=\"715\">iPhone,&nbsp;iPad,&nbsp;Android,&nbsp;IMS&nbsp;Lite<\/td>\n<\/tr>\n<tr>\n<td width=\"171\">Interoperability<\/td>\n<td width=\"715\">SLINK,&nbsp;ONVIF,&nbsp;SDK<\/td>\n<\/tr>\n<tr>\n<td colspan=\"2\" width=\"886\" style=\"background-color: rgb(91, 155, 213); color: rgb(255, 255, 255);\">Storage<\/td>\n<\/tr>\n<tr>\n<td width=\"171\">HDD<\/td>\n<td width=\"715\">1&nbsp;&nbsp;SATA&nbsp;interface<\/td>\n<\/tr>\n<tr>\n<td width=\"171\">Capacity<\/td>\n<td width=\"715\">Up&nbsp;to&nbsp;16TB&nbsp;for&nbsp;each&nbsp;HDD<\/td>\n<\/tr>\n<tr>\n<td colspan=\"2\" width=\"886\" style=\"background-color: rgb(91, 155, 213); color: rgb(255, 255, 255);\">Interface<\/td>\n<\/tr>\n<tr>\n<td width=\"171\">Network&nbsp;Interface<\/td>\n<td width=\"715\">1&nbsp;RJ-45&nbsp;(10\/100&nbsp;Mbps)&nbsp;self-adaptive&nbsp;Ethernet&nbsp;port<\/td>\n<\/tr>\n<tr>\n<td width=\"171\">PoE<\/td>\n<td width=\"715\">\/<\/td>\n<\/tr>\n<tr>\n<td width=\"171\">Audio&nbsp;I\/O<\/td>\n<td width=\"715\">1ch&nbsp;Audio&nbsp;output<\/td>\n<\/tr>\n<tr>\n<td width=\"171\">Alarm I\/O<\/td>\n<td width=\"715\">\/<\/td>\n<\/tr>\n<tr>\n<td width=\"171\">USB<\/td>\n<td width=\"715\">2&nbsp;ports&nbsp;(USB&nbsp;2.0&nbsp;\u00d7&nbsp;2)<\/td>\n<\/tr>\n<tr>\n<td width=\"171\">HDMI<\/td>\n<td width=\"715\">1<\/td>\n<\/tr>\n<tr>\n<td width=\"171\">VGA<\/td>\n<td width=\"715\">1<\/td>\n<\/tr>\n<tr>\n<td width=\"171\">Buzzer<\/td>\n<td width=\"715\">Yes,&nbsp;buzzer&nbsp;alarm<\/td>\n<\/tr>\n<tr>\n<td colspan=\"2\" width=\"886\" style=\"background-color: rgb(91, 155, 213); color: rgb(255, 255, 255);\">General<\/td>\n<\/tr>\n<tr>\n<td width=\"171\">Power&nbsp;Supply<\/td>\n<td width=\"715\">DC12V\/2A<\/td>\n<\/tr>\n<tr>\n<td width=\"171\">Power&nbsp;Consumption<\/td>\n<td width=\"715\">&lt;&nbsp;20&nbsp;W(without HDD)<\/td>\n<\/tr>\n<tr>\n<td width=\"171\">Operating&nbsp;Conditions<\/td>\n<td width=\"715\">-10&nbsp;\u00b0C&nbsp;~&nbsp;50&nbsp;\u00b0C&nbsp;(14&nbsp;\u00b0F&nbsp;~&nbsp;122&nbsp;\u00b0F)<\/td>\n<\/tr>\n<tr>\n<td width=\"171\">Storage&nbsp;Conditions<\/td>\n<td width=\"715\">Less&nbsp;than&nbsp;90%&nbsp;RH<\/td>\n<\/tr>\n<tr>\n<td width=\"171\">Dimensions<\/td>\n<td width=\"715\">210&nbsp;\u00d7&nbsp;255&nbsp;\u00d7&nbsp;420&nbsp;mm&nbsp;<\/td>\n<\/tr>\n<tr>\n<td width=\"171\">Net&nbsp;Weight<\/td>\n<td width=\"715\">1.2&nbsp;kg&nbsp;(1.98&nbsp;lb)&nbsp;without&nbsp;HD<\/td>\n<\/tr>\n<\/tbody>\n<\/table>\n<\/div>","protected":false},"excerpt":{"rendered":"<ul>\n<li data-path-to-node=\"4\">16 \u10d0\u10e0\u10ee\u10d8\u10d0\u10dc\u10d8<\/li>\n<li data-path-to-node=\"4\">4k \u10db\u10dd\u10dc\u10d8\u10e2\u10dd\u10e0\u10d8\u10e1 \u10db\u10ee\u10d0\u10e0\u10d3\u10d0\u10ed\u10d4\u10e0\u10d0<\/li>\n<li data-path-to-node=\"4\">\u10d9\u10d8\u10d7\u10ee\u10dd\u10da\u10dd\u10d1\u10e1 8mp \u10d9\u10d0\u10db\u10d4\u10e0\u10d4\u10d1\u10e1<\/li>\n<li data-path-to-node=\"4\">1 HDD \u10e1\u10d0\u10e2\u10d0\u10e1 \u10e8\u10d4\u10e1\u10d0\u10d4\u10e0\u10d7\u10d4\u10d1\u10d4\u10da\u10d8<\/li>\n<\/ul>\n<h3 class=\"\" data-path-to-node=\"5\"><\/h3>","protected":false},"featured_media":2907,"comment_status":"open","ping_status":"closed","template":"","meta":{"_acf_changed":false,"_joinchat":[]},"product_cat":[227,98],"product_tag":[],"class_list":{"0":"post-2904","1":"product","2":"type-product","3":"status-publish","4":"has-post-thumbnail","6":"product_cat-16-","7":"product_cat---pronet-","8":"pa_brand-secumate","10":"first","11":"instock","12":"shipping-taxable","13":"purchasable","14":"product-type-simple","swatches":"rey-swatches","show_selected":""},"acf":[],"yoast_head":"<!-- This site is optimized with the Yoast SEO plugin v26.0 - https:\/\/yoast.com\/wordpress\/plugins\/seo\/ -->\n<title>16-\u10d0\u10e0\u10ee\u10d8\u10d0\u10dc\u10d8 4K NVR SE-215M16<\/title>\n<meta name=\"description\" content=\"\u10e8\u10d4\u10d8\u10eb\u10d8\u10dc\u10d4\u10d7 16-\u10d0\u10e0\u10ee\u10d8\u10d0\u10dc\u10d8 4K NVR \u10d0\u10e3\u10d3\u10d8\u10dd \u10d2\u10d0\u10db\u10dd\u10db\u10d0\u10d5\u10d0\u10da\u10d8 \u10de\u10dd\u10e0\u10e2\u10d8\u10d7. 4K \u10db\u10ee\u10d0\u10e0\u10d3\u10d0\u10ed\u10d4\u10e0\u10d0, H.265+ \u10d9\u10dd\u10db\u10de\u10e0\u10d4\u10e1\u10d8\u10d0 \u10d3\u10d0 1 HDD \u10e1\u10da\u10dd\u10e2\u10d8. \u10e1\u10d0\u10e3\u10d9\u10d4\u10d7\u10d4\u10e1\u10dd \u10e4\u10d0\u10e1\u10d8 \u10d7\u10e5\u10d5\u10d4\u10dc\u10d8 \u10d5\u10d8\u10d3\u10d4\u10dd-\u10e1\u10d0\u10db\u10d4\u10d7\u10d5\u10d0\u10da\u10e7\u10e3\u10e0\u10d4\u10dd \u10e1\u10d8\u10e1\u10e2\u10d4\u10db\u10d8\u10e1\u10d7\u10d5\u10d8\u10e1.\" \/>\n<meta name=\"robots\" content=\"index, follow, max-snippet:-1, max-image-preview:large, max-video-preview:-1\" \/>\n<link rel=\"canonical\" href=\"https:\/\/pronet.ge\/en\/shop\/16-\u10d0\u10e0\u10ee\u10d8\u10d0\u10dc\u10d8-4k-nvr-se-215m16\/\" \/>\n<meta property=\"og:locale\" content=\"en_US\" \/>\n<meta property=\"og:type\" content=\"article\" \/>\n<meta property=\"og:title\" content=\"16-\u10d0\u10e0\u10ee\u10d8\u10d0\u10dc\u10d8 4K NVR SE-215M16\" \/>\n<meta property=\"og:description\" content=\"\u10e8\u10d4\u10d8\u10eb\u10d8\u10dc\u10d4\u10d7 16-\u10d0\u10e0\u10ee\u10d8\u10d0\u10dc\u10d8 4K NVR \u10d0\u10e3\u10d3\u10d8\u10dd \u10d2\u10d0\u10db\u10dd\u10db\u10d0\u10d5\u10d0\u10da\u10d8 \u10de\u10dd\u10e0\u10e2\u10d8\u10d7. 4K \u10db\u10ee\u10d0\u10e0\u10d3\u10d0\u10ed\u10d4\u10e0\u10d0, H.265+ \u10d9\u10dd\u10db\u10de\u10e0\u10d4\u10e1\u10d8\u10d0 \u10d3\u10d0 1 HDD \u10e1\u10da\u10dd\u10e2\u10d8. \u10e1\u10d0\u10e3\u10d9\u10d4\u10d7\u10d4\u10e1\u10dd \u10e4\u10d0\u10e1\u10d8 \u10d7\u10e5\u10d5\u10d4\u10dc\u10d8 \u10d5\u10d8\u10d3\u10d4\u10dd-\u10e1\u10d0\u10db\u10d4\u10d7\u10d5\u10d0\u10da\u10e7\u10e3\u10e0\u10d4\u10dd \u10e1\u10d8\u10e1\u10e2\u10d4\u10db\u10d8\u10e1\u10d7\u10d5\u10d8\u10e1.\" \/>\n<meta property=\"og:url\" content=\"https:\/\/pronet.ge\/en\/shop\/16-\u10d0\u10e0\u10ee\u10d8\u10d0\u10dc\u10d8-4k-nvr-se-215m16\/\" \/>\n<meta property=\"og:site_name\" content=\"\u10de\u10e0\u10dd\u10e4\u10d4\u10e1\u10d8\u10dd\u10dc\u10d0\u10da\u10e3\u10e0\u10d8 \u10d5\u10d8\u10d3\u10d4\u10dd\u10e1\u10d0\u10db\u10d4\u10d7\u10d5\u10d0\u10da\u10e7\u10e3\u10e0\u10d4\u10dd \u10d3\u10d0 IT \u10e2\u10d4\u10e5\u10dc\u10d8\u10d9\u10d8\u10e1 \u10dd\u10dc\u10da\u10d0\u10d8\u10dc \u10db\u10d0\u10e6\u10d0\u10d6\u10d8\u10d0\" \/>\n<meta property=\"article:modified_time\" content=\"2026-04-06T09:13:56+00:00\" \/>\n<meta property=\"og:image\" content=\"https:\/\/pronet.ge\/wp-content\/uploads\/2025\/10\/1-SATA.png\" \/>\n\t<meta property=\"og:image:width\" content=\"1200\" \/>\n\t<meta property=\"og:image:height\" content=\"729\" \/>\n\t<meta property=\"og:image:type\" content=\"image\/png\" \/>\n<meta name=\"twitter:card\" content=\"summary_large_image\" \/>\n<meta name=\"twitter:label1\" content=\"Est. reading time\" \/>\n\t<meta name=\"twitter:data1\" content=\"2 minutes\" \/>\n<script type=\"application\/ld+json\" class=\"yoast-schema-graph\">{\"@context\":\"https:\/\/schema.org\",\"@graph\":[{\"@type\":\"WebPage\",\"@id\":\"https:\/\/pronet.ge\/shop\/16-%e1%83%90%e1%83%a0%e1%83%ae%e1%83%98%e1%83%90%e1%83%9c%e1%83%98-4k-nvr-se-215m16\/\",\"url\":\"https:\/\/pronet.ge\/shop\/16-%e1%83%90%e1%83%a0%e1%83%ae%e1%83%98%e1%83%90%e1%83%9c%e1%83%98-4k-nvr-se-215m16\/\",\"name\":\"16-\u10d0\u10e0\u10ee\u10d8\u10d0\u10dc\u10d8 4K NVR SE-215M16\",\"isPartOf\":{\"@id\":\"https:\/\/pronet.ge\/#website\"},\"primaryImageOfPage\":{\"@id\":\"https:\/\/pronet.ge\/shop\/16-%e1%83%90%e1%83%a0%e1%83%ae%e1%83%98%e1%83%90%e1%83%9c%e1%83%98-4k-nvr-se-215m16\/#primaryimage\"},\"image\":{\"@id\":\"https:\/\/pronet.ge\/shop\/16-%e1%83%90%e1%83%a0%e1%83%ae%e1%83%98%e1%83%90%e1%83%9c%e1%83%98-4k-nvr-se-215m16\/#primaryimage\"},\"thumbnailUrl\":\"https:\/\/pronet.ge\/wp-content\/uploads\/2025\/10\/1-SATA.png\",\"datePublished\":\"2025-10-10T10:41:32+00:00\",\"dateModified\":\"2026-04-06T09:13:56+00:00\",\"description\":\"\u10e8\u10d4\u10d8\u10eb\u10d8\u10dc\u10d4\u10d7 16-\u10d0\u10e0\u10ee\u10d8\u10d0\u10dc\u10d8 4K NVR \u10d0\u10e3\u10d3\u10d8\u10dd \u10d2\u10d0\u10db\u10dd\u10db\u10d0\u10d5\u10d0\u10da\u10d8 \u10de\u10dd\u10e0\u10e2\u10d8\u10d7. 4K \u10db\u10ee\u10d0\u10e0\u10d3\u10d0\u10ed\u10d4\u10e0\u10d0, H.265+ \u10d9\u10dd\u10db\u10de\u10e0\u10d4\u10e1\u10d8\u10d0 \u10d3\u10d0 1 HDD \u10e1\u10da\u10dd\u10e2\u10d8. \u10e1\u10d0\u10e3\u10d9\u10d4\u10d7\u10d4\u10e1\u10dd \u10e4\u10d0\u10e1\u10d8 \u10d7\u10e5\u10d5\u10d4\u10dc\u10d8 \u10d5\u10d8\u10d3\u10d4\u10dd-\u10e1\u10d0\u10db\u10d4\u10d7\u10d5\u10d0\u10da\u10e7\u10e3\u10e0\u10d4\u10dd \u10e1\u10d8\u10e1\u10e2\u10d4\u10db\u10d8\u10e1\u10d7\u10d5\u10d8\u10e1.\",\"breadcrumb\":{\"@id\":\"https:\/\/pronet.ge\/shop\/16-%e1%83%90%e1%83%a0%e1%83%ae%e1%83%98%e1%83%90%e1%83%9c%e1%83%98-4k-nvr-se-215m16\/#breadcrumb\"},\"inLanguage\":\"en-US\",\"potentialAction\":[{\"@type\":\"ReadAction\",\"target\":[\"https:\/\/pronet.ge\/shop\/16-%e1%83%90%e1%83%a0%e1%83%ae%e1%83%98%e1%83%90%e1%83%9c%e1%83%98-4k-nvr-se-215m16\/\"]}]},{\"@type\":\"ImageObject\",\"inLanguage\":\"en-US\",\"@id\":\"https:\/\/pronet.ge\/shop\/16-%e1%83%90%e1%83%a0%e1%83%ae%e1%83%98%e1%83%90%e1%83%9c%e1%83%98-4k-nvr-se-215m16\/#primaryimage\",\"url\":\"https:\/\/pronet.ge\/wp-content\/uploads\/2025\/10\/1-SATA.png\",\"contentUrl\":\"https:\/\/pronet.ge\/wp-content\/uploads\/2025\/10\/1-SATA.png\",\"width\":1200,\"height\":729,\"caption\":\"16-\u10d0\u10e0\u10ee\u10d8\u10d0\u10dc\u10d8 4K NVR SE-215M16\"},{\"@type\":\"BreadcrumbList\",\"@id\":\"https:\/\/pronet.ge\/shop\/16-%e1%83%90%e1%83%a0%e1%83%ae%e1%83%98%e1%83%90%e1%83%9c%e1%83%98-4k-nvr-se-215m16\/#breadcrumb\",\"itemListElement\":[{\"@type\":\"ListItem\",\"position\":1,\"name\":\"Home\",\"item\":\"https:\/\/pronet.ge\/\"},{\"@type\":\"ListItem\",\"position\":2,\"name\":\"\u10de\u10e0\u10dd\u10d3\u10e3\u10e5\u10ea\u10d8\u10d0\",\"item\":\"https:\/\/pronet.ge\/shop\/\"},{\"@type\":\"ListItem\",\"position\":3,\"name\":\"16 Channels 4K NVR \u2013 Supports up to 8MP, 1-HDD \u2013 SE-215M16\"}]},{\"@type\":\"WebSite\",\"@id\":\"https:\/\/pronet.ge\/#website\",\"url\":\"https:\/\/pronet.ge\/\",\"name\":\"\u10de\u10e0\u10dd\u10e4\u10d4\u10e1\u10d8\u10dd\u10dc\u10d0\u10da\u10e3\u10e0\u10d8 \u10d5\u10d8\u10d3\u10d4\u10dd\u10e1\u10d0\u10db\u10d4\u10d7\u10d5\u10d0\u10da\u10e7\u10e3\u10e0\u10d4\u10dd \u10d3\u10d0 IT \u10e2\u10d4\u10e5\u10dc\u10d8\u10d9\u10d8\u10e1 \u10dd\u10dc\u10da\u10d0\u10d8\u10dc \u10db\u10d0\u10e6\u10d0\u10d6\u10d8\u10d0\",\"description\":\"\u10e3\u10e1\u10d0\u10e4\u10e0\u10d7\u10ee\u10dd\u10d4\u10d1\u10d8\u10e1 \u10d3\u10d0 IT \u10d8\u10dc\u10e4\u10e0\u10d0\u10e1\u10e2\u10e0\u10e3\u10e5\u10e2\u10e3\u10e0\u10d8\u10e1 \u10dd\u10dc\u10da\u10d0\u10d8\u10dc \u10db\u10d0\u10e6\u10d0\u10d6\u10d8\u10d0\",\"publisher\":{\"@id\":\"https:\/\/pronet.ge\/#organization\"},\"potentialAction\":[{\"@type\":\"SearchAction\",\"target\":{\"@type\":\"EntryPoint\",\"urlTemplate\":\"https:\/\/pronet.ge\/?s={search_term_string}\"},\"query-input\":{\"@type\":\"PropertyValueSpecification\",\"valueRequired\":true,\"valueName\":\"search_term_string\"}}],\"inLanguage\":\"en-US\"},{\"@type\":\"Organization\",\"@id\":\"https:\/\/pronet.ge\/#organization\",\"name\":\"\u10de\u10e0\u10dd\u10e4\u10d4\u10e1\u10d8\u10dd\u10dc\u10d0\u10da\u10e3\u10e0\u10d8 \u10d5\u10d8\u10d3\u10d4\u10dd\u10e1\u10d0\u10db\u10d4\u10d7\u10d5\u10d0\u10da\u10e7\u10e3\u10e0\u10d4\u10dd \u10d3\u10d0 IT \u10e2\u10d4\u10e5\u10dc\u10d8\u10d9\u10d8\u10e1 \u10dd\u10dc\u10da\u10d0\u10d8\u10dc \u10db\u10d0\u10e6\u10d0\u10d6\u10d8\u10d0\",\"url\":\"https:\/\/pronet.ge\/\",\"logo\":{\"@type\":\"ImageObject\",\"inLanguage\":\"en-US\",\"@id\":\"https:\/\/pronet.ge\/#\/schema\/logo\/image\/\",\"url\":\"https:\/\/pronet.ge\/wp-content\/uploads\/2025\/07\/cropped-PRO-NET-LOGO.png\",\"contentUrl\":\"https:\/\/pronet.ge\/wp-content\/uploads\/2025\/07\/cropped-PRO-NET-LOGO.png\",\"width\":1851,\"height\":984,\"caption\":\"\u10de\u10e0\u10dd\u10e4\u10d4\u10e1\u10d8\u10dd\u10dc\u10d0\u10da\u10e3\u10e0\u10d8 \u10d5\u10d8\u10d3\u10d4\u10dd\u10e1\u10d0\u10db\u10d4\u10d7\u10d5\u10d0\u10da\u10e7\u10e3\u10e0\u10d4\u10dd \u10d3\u10d0 IT \u10e2\u10d4\u10e5\u10dc\u10d8\u10d9\u10d8\u10e1 \u10dd\u10dc\u10da\u10d0\u10d8\u10dc \u10db\u10d0\u10e6\u10d0\u10d6\u10d8\u10d0\"},\"image\":{\"@id\":\"https:\/\/pronet.ge\/#\/schema\/logo\/image\/\"}}]}<\/script>\n<!-- \/ Yoast SEO plugin. -->","yoast_head_json":{"title":"16-\u10d0\u10e0\u10ee\u10d8\u10d0\u10dc\u10d8 4K NVR SE-215M16","description":"\u10e8\u10d4\u10d8\u10eb\u10d8\u10dc\u10d4\u10d7 16-\u10d0\u10e0\u10ee\u10d8\u10d0\u10dc\u10d8 4K NVR \u10d0\u10e3\u10d3\u10d8\u10dd \u10d2\u10d0\u10db\u10dd\u10db\u10d0\u10d5\u10d0\u10da\u10d8 \u10de\u10dd\u10e0\u10e2\u10d8\u10d7. 4K \u10db\u10ee\u10d0\u10e0\u10d3\u10d0\u10ed\u10d4\u10e0\u10d0, H.265+ \u10d9\u10dd\u10db\u10de\u10e0\u10d4\u10e1\u10d8\u10d0 \u10d3\u10d0 1 HDD \u10e1\u10da\u10dd\u10e2\u10d8. \u10e1\u10d0\u10e3\u10d9\u10d4\u10d7\u10d4\u10e1\u10dd \u10e4\u10d0\u10e1\u10d8 \u10d7\u10e5\u10d5\u10d4\u10dc\u10d8 \u10d5\u10d8\u10d3\u10d4\u10dd-\u10e1\u10d0\u10db\u10d4\u10d7\u10d5\u10d0\u10da\u10e7\u10e3\u10e0\u10d4\u10dd \u10e1\u10d8\u10e1\u10e2\u10d4\u10db\u10d8\u10e1\u10d7\u10d5\u10d8\u10e1.","robots":{"index":"index","follow":"follow","max-snippet":"max-snippet:-1","max-image-preview":"max-image-preview:large","max-video-preview":"max-video-preview:-1"},"canonical":"https:\/\/pronet.ge\/en\/shop\/16-\u10d0\u10e0\u10ee\u10d8\u10d0\u10dc\u10d8-4k-nvr-se-215m16\/","og_locale":"en_US","og_type":"article","og_title":"16-\u10d0\u10e0\u10ee\u10d8\u10d0\u10dc\u10d8 4K NVR SE-215M16","og_description":"\u10e8\u10d4\u10d8\u10eb\u10d8\u10dc\u10d4\u10d7 16-\u10d0\u10e0\u10ee\u10d8\u10d0\u10dc\u10d8 4K NVR \u10d0\u10e3\u10d3\u10d8\u10dd \u10d2\u10d0\u10db\u10dd\u10db\u10d0\u10d5\u10d0\u10da\u10d8 \u10de\u10dd\u10e0\u10e2\u10d8\u10d7. 4K \u10db\u10ee\u10d0\u10e0\u10d3\u10d0\u10ed\u10d4\u10e0\u10d0, H.265+ \u10d9\u10dd\u10db\u10de\u10e0\u10d4\u10e1\u10d8\u10d0 \u10d3\u10d0 1 HDD \u10e1\u10da\u10dd\u10e2\u10d8. \u10e1\u10d0\u10e3\u10d9\u10d4\u10d7\u10d4\u10e1\u10dd \u10e4\u10d0\u10e1\u10d8 \u10d7\u10e5\u10d5\u10d4\u10dc\u10d8 \u10d5\u10d8\u10d3\u10d4\u10dd-\u10e1\u10d0\u10db\u10d4\u10d7\u10d5\u10d0\u10da\u10e7\u10e3\u10e0\u10d4\u10dd \u10e1\u10d8\u10e1\u10e2\u10d4\u10db\u10d8\u10e1\u10d7\u10d5\u10d8\u10e1.","og_url":"https:\/\/pronet.ge\/en\/shop\/16-\u10d0\u10e0\u10ee\u10d8\u10d0\u10dc\u10d8-4k-nvr-se-215m16\/","og_site_name":"\u10de\u10e0\u10dd\u10e4\u10d4\u10e1\u10d8\u10dd\u10dc\u10d0\u10da\u10e3\u10e0\u10d8 \u10d5\u10d8\u10d3\u10d4\u10dd\u10e1\u10d0\u10db\u10d4\u10d7\u10d5\u10d0\u10da\u10e7\u10e3\u10e0\u10d4\u10dd \u10d3\u10d0 IT \u10e2\u10d4\u10e5\u10dc\u10d8\u10d9\u10d8\u10e1 \u10dd\u10dc\u10da\u10d0\u10d8\u10dc \u10db\u10d0\u10e6\u10d0\u10d6\u10d8\u10d0","article_modified_time":"2026-04-06T09:13:56+00:00","og_image":[{"width":1200,"height":729,"url":"https:\/\/pronet.ge\/wp-content\/uploads\/2025\/10\/1-SATA.png","type":"image\/png"}],"twitter_card":"summary_large_image","twitter_misc":{"Est. reading time":"2 minutes"},"schema":{"@context":"https:\/\/schema.org","@graph":[{"@type":"WebPage","@id":"https:\/\/pronet.ge\/shop\/16-%e1%83%90%e1%83%a0%e1%83%ae%e1%83%98%e1%83%90%e1%83%9c%e1%83%98-4k-nvr-se-215m16\/","url":"https:\/\/pronet.ge\/shop\/16-%e1%83%90%e1%83%a0%e1%83%ae%e1%83%98%e1%83%90%e1%83%9c%e1%83%98-4k-nvr-se-215m16\/","name":"16-\u10d0\u10e0\u10ee\u10d8\u10d0\u10dc\u10d8 4K NVR SE-215M16","isPartOf":{"@id":"https:\/\/pronet.ge\/#website"},"primaryImageOfPage":{"@id":"https:\/\/pronet.ge\/shop\/16-%e1%83%90%e1%83%a0%e1%83%ae%e1%83%98%e1%83%90%e1%83%9c%e1%83%98-4k-nvr-se-215m16\/#primaryimage"},"image":{"@id":"https:\/\/pronet.ge\/shop\/16-%e1%83%90%e1%83%a0%e1%83%ae%e1%83%98%e1%83%90%e1%83%9c%e1%83%98-4k-nvr-se-215m16\/#primaryimage"},"thumbnailUrl":"https:\/\/pronet.ge\/wp-content\/uploads\/2025\/10\/1-SATA.png","datePublished":"2025-10-10T10:41:32+00:00","dateModified":"2026-04-06T09:13:56+00:00","description":"\u10e8\u10d4\u10d8\u10eb\u10d8\u10dc\u10d4\u10d7 16-\u10d0\u10e0\u10ee\u10d8\u10d0\u10dc\u10d8 4K NVR \u10d0\u10e3\u10d3\u10d8\u10dd \u10d2\u10d0\u10db\u10dd\u10db\u10d0\u10d5\u10d0\u10da\u10d8 \u10de\u10dd\u10e0\u10e2\u10d8\u10d7. 4K \u10db\u10ee\u10d0\u10e0\u10d3\u10d0\u10ed\u10d4\u10e0\u10d0, H.265+ \u10d9\u10dd\u10db\u10de\u10e0\u10d4\u10e1\u10d8\u10d0 \u10d3\u10d0 1 HDD \u10e1\u10da\u10dd\u10e2\u10d8. \u10e1\u10d0\u10e3\u10d9\u10d4\u10d7\u10d4\u10e1\u10dd \u10e4\u10d0\u10e1\u10d8 \u10d7\u10e5\u10d5\u10d4\u10dc\u10d8 \u10d5\u10d8\u10d3\u10d4\u10dd-\u10e1\u10d0\u10db\u10d4\u10d7\u10d5\u10d0\u10da\u10e7\u10e3\u10e0\u10d4\u10dd \u10e1\u10d8\u10e1\u10e2\u10d4\u10db\u10d8\u10e1\u10d7\u10d5\u10d8\u10e1.","breadcrumb":{"@id":"https:\/\/pronet.ge\/shop\/16-%e1%83%90%e1%83%a0%e1%83%ae%e1%83%98%e1%83%90%e1%83%9c%e1%83%98-4k-nvr-se-215m16\/#breadcrumb"},"inLanguage":"en-US","potentialAction":[{"@type":"ReadAction","target":["https:\/\/pronet.ge\/shop\/16-%e1%83%90%e1%83%a0%e1%83%ae%e1%83%98%e1%83%90%e1%83%9c%e1%83%98-4k-nvr-se-215m16\/"]}]},{"@type":"ImageObject","inLanguage":"en-US","@id":"https:\/\/pronet.ge\/shop\/16-%e1%83%90%e1%83%a0%e1%83%ae%e1%83%98%e1%83%90%e1%83%9c%e1%83%98-4k-nvr-se-215m16\/#primaryimage","url":"https:\/\/pronet.ge\/wp-content\/uploads\/2025\/10\/1-SATA.png","contentUrl":"https:\/\/pronet.ge\/wp-content\/uploads\/2025\/10\/1-SATA.png","width":1200,"height":729,"caption":"16-\u10d0\u10e0\u10ee\u10d8\u10d0\u10dc\u10d8 4K NVR SE-215M16"},{"@type":"BreadcrumbList","@id":"https:\/\/pronet.ge\/shop\/16-%e1%83%90%e1%83%a0%e1%83%ae%e1%83%98%e1%83%90%e1%83%9c%e1%83%98-4k-nvr-se-215m16\/#breadcrumb","itemListElement":[{"@type":"ListItem","position":1,"name":"Home","item":"https:\/\/pronet.ge\/"},{"@type":"ListItem","position":2,"name":"\u10de\u10e0\u10dd\u10d3\u10e3\u10e5\u10ea\u10d8\u10d0","item":"https:\/\/pronet.ge\/shop\/"},{"@type":"ListItem","position":3,"name":"16 Channels 4K NVR \u2013 Supports up to 8MP, 1-HDD \u2013 SE-215M16"}]},{"@type":"WebSite","@id":"https:\/\/pronet.ge\/#website","url":"https:\/\/pronet.ge\/","name":"\u10de\u10e0\u10dd\u10e4\u10d4\u10e1\u10d8\u10dd\u10dc\u10d0\u10da\u10e3\u10e0\u10d8 \u10d5\u10d8\u10d3\u10d4\u10dd\u10e1\u10d0\u10db\u10d4\u10d7\u10d5\u10d0\u10da\u10e7\u10e3\u10e0\u10d4\u10dd \u10d3\u10d0 IT \u10e2\u10d4\u10e5\u10dc\u10d8\u10d9\u10d8\u10e1 \u10dd\u10dc\u10da\u10d0\u10d8\u10dc \u10db\u10d0\u10e6\u10d0\u10d6\u10d8\u10d0","description":"\u10e3\u10e1\u10d0\u10e4\u10e0\u10d7\u10ee\u10dd\u10d4\u10d1\u10d8\u10e1 \u10d3\u10d0 IT \u10d8\u10dc\u10e4\u10e0\u10d0\u10e1\u10e2\u10e0\u10e3\u10e5\u10e2\u10e3\u10e0\u10d8\u10e1 \u10dd\u10dc\u10da\u10d0\u10d8\u10dc \u10db\u10d0\u10e6\u10d0\u10d6\u10d8\u10d0","publisher":{"@id":"https:\/\/pronet.ge\/#organization"},"potentialAction":[{"@type":"SearchAction","target":{"@type":"EntryPoint","urlTemplate":"https:\/\/pronet.ge\/?s={search_term_string}"},"query-input":{"@type":"PropertyValueSpecification","valueRequired":true,"valueName":"search_term_string"}}],"inLanguage":"en-US"},{"@type":"Organization","@id":"https:\/\/pronet.ge\/#organization","name":"\u10de\u10e0\u10dd\u10e4\u10d4\u10e1\u10d8\u10dd\u10dc\u10d0\u10da\u10e3\u10e0\u10d8 \u10d5\u10d8\u10d3\u10d4\u10dd\u10e1\u10d0\u10db\u10d4\u10d7\u10d5\u10d0\u10da\u10e7\u10e3\u10e0\u10d4\u10dd \u10d3\u10d0 IT \u10e2\u10d4\u10e5\u10dc\u10d8\u10d9\u10d8\u10e1 \u10dd\u10dc\u10da\u10d0\u10d8\u10dc \u10db\u10d0\u10e6\u10d0\u10d6\u10d8\u10d0","url":"https:\/\/pronet.ge\/","logo":{"@type":"ImageObject","inLanguage":"en-US","@id":"https:\/\/pronet.ge\/#\/schema\/logo\/image\/","url":"https:\/\/pronet.ge\/wp-content\/uploads\/2025\/07\/cropped-PRO-NET-LOGO.png","contentUrl":"https:\/\/pronet.ge\/wp-content\/uploads\/2025\/07\/cropped-PRO-NET-LOGO.png","width":1851,"height":984,"caption":"\u10de\u10e0\u10dd\u10e4\u10d4\u10e1\u10d8\u10dd\u10dc\u10d0\u10da\u10e3\u10e0\u10d8 \u10d5\u10d8\u10d3\u10d4\u10dd\u10e1\u10d0\u10db\u10d4\u10d7\u10d5\u10d0\u10da\u10e7\u10e3\u10e0\u10d4\u10dd \u10d3\u10d0 IT \u10e2\u10d4\u10e5\u10dc\u10d8\u10d9\u10d8\u10e1 \u10dd\u10dc\u10da\u10d0\u10d8\u10dc \u10db\u10d0\u10e6\u10d0\u10d6\u10d8\u10d0"},"image":{"@id":"https:\/\/pronet.ge\/#\/schema\/logo\/image\/"}}]}},"_links":{"self":[{"href":"https:\/\/pronet.ge\/en\/wp-json\/wp\/v2\/product\/2904","targetHints":{"allow":["GET"]}}],"collection":[{"href":"https:\/\/pronet.ge\/en\/wp-json\/wp\/v2\/product"}],"about":[{"href":"https:\/\/pronet.ge\/en\/wp-json\/wp\/v2\/types\/product"}],"replies":[{"embeddable":true,"href":"https:\/\/pronet.ge\/en\/wp-json\/wp\/v2\/comments?post=2904"}],"wp:featuredmedia":[{"embeddable":true,"href":"https:\/\/pronet.ge\/en\/wp-json\/wp\/v2\/media\/2907"}],"wp:attachment":[{"href":"https:\/\/pronet.ge\/en\/wp-json\/wp\/v2\/media?parent=2904"}],"wp:term":[{"taxonomy":"product_cat","embeddable":true,"href":"https:\/\/pronet.ge\/en\/wp-json\/wp\/v2\/product_cat?post=2904"},{"taxonomy":"product_tag","embeddable":true,"href":"https:\/\/pronet.ge\/en\/wp-json\/wp\/v2\/product_tag?post=2904"}],"curies":[{"name":"wp","href":"https:\/\/api.w.org\/{rel}","templated":true}]}}