{"id":2940,"date":"2025-10-10T15:47:43","date_gmt":"2025-10-10T11:47:43","guid":{"rendered":"https:\/\/pronet.ge\/?post_type=product&#038;p=2940"},"modified":"2026-04-14T14:43:28","modified_gmt":"2026-04-14T10:43:28","slug":"5mp-ip-%e1%83%99%e1%83%90%e1%83%9b%e1%83%94%e1%83%a0%e1%83%90-se-em5hd82","status":"publish","type":"product","link":"https:\/\/pronet.ge\/en\/shop\/5mp-ip-%e1%83%99%e1%83%90%e1%83%9b%e1%83%94%e1%83%a0%e1%83%90-se-em5hd82\/","title":{"rendered":"5MP Dome Metal Camera \u2013 Dual Light, Human Detection \u2013 SE-EM5HD82"},"content":{"rendered":"<div class=\"tableoverflow\" style=\"width: 100%; overflow-x: auto;\">\n<table width=\"706\">\n<tbody>\n<tr>\n<td style=\"background-color: #5b9bd5; color: #ffffff;\" colspan=\"2\" width=\"706\">Camera<\/td>\n<\/tr>\n<tr>\n<td width=\"149\">Sensor<\/td>\n<td width=\"557\">1\/2.7\u2033 Progressive Scan CMOS<\/td>\n<\/tr>\n<tr>\n<td width=\"149\">Lens<\/td>\n<td width=\"557\">3.6mm(2.8mm optional)<\/td>\n<\/tr>\n<tr>\n<td width=\"149\">Lens\u00a0interface<\/td>\n<td width=\"557\">M12<\/td>\n<\/tr>\n<tr>\n<td rowspan=\"2\" width=\"149\">Focal\u00a0Length\u00a0&amp;\u00a0FOV<\/td>\n<td width=\"557\">2.8mm,\u00a0Horizontal\u00a0FOV\u00a0108.3\u00b0,\u00a0Vertical\u00a0FOV\u00a059.9\u00b0,\u00a0Diagonal\u00a0FOV\u00a0\u00a0126.8\u00b0<\/td>\n<\/tr>\n<tr>\n<td width=\"557\">3.6mm,\u00a0Horizontal\u00a0FOV\u00a089.3\u00b0,\u00a0Vertical\u00a0FOV\u00a047.9\u00b0,\u00a0Diagonal\u00a0FOV\u00a0\u00a0107\u00b0<\/td>\n<\/tr>\n<tr>\n<td width=\"149\">Min.\u00a0Illumination<\/td>\n<td width=\"557\">Color: 0.01Lux\/F1.6, AGC ON, B\/W: 0Lux(IR LED ON)<\/td>\n<\/tr>\n<tr>\n<td width=\"149\">Electronic\u00a0shutter<\/td>\n<td width=\"557\">Auto, 1\/5\u00a0to\u00a01\/100,000\u00a0s<\/td>\n<\/tr>\n<tr>\n<td width=\"149\">S\/N\u00a0Ratio<\/td>\n<td width=\"557\">\u2265\u00a052\u00a0dB<\/td>\n<\/tr>\n<tr>\n<td width=\"149\">Day\/\u00a0Night\u00a0mode<\/td>\n<td width=\"557\">Auto,\u00a0Day,\u00a0Night,\u00a0Customized<\/td>\n<\/tr>\n<tr>\n<td width=\"149\">IR\u00a0distance<\/td>\n<td width=\"557\">Up to 30m(98.4ft)<\/td>\n<\/tr>\n<tr>\n<td width=\"149\">D-WDR<\/td>\n<td width=\"557\">D-WDR\u00a0(off\/low\/middle\/high)<\/td>\n<\/tr>\n<tr>\n<td width=\"149\">IR\u00a0Led\u00a0Control<\/td>\n<td width=\"557\">Auto\/Manual\/Off<\/td>\n<\/tr>\n<tr>\n<td width=\"149\">DNR<\/td>\n<td width=\"557\">Off\/Low\/Middle\/High\/Higher<\/td>\n<\/tr>\n<tr>\n<td width=\"149\">Defog<\/td>\n<td width=\"557\">Off\/Low\/Middle\/High<\/td>\n<\/tr>\n<tr>\n<td width=\"149\">Mirror<\/td>\n<td width=\"557\">Off\/\u00a0Horizontal\u00a0Mirror\/Vertical\u00a0Mirror\/180\u00a0degree\u00a0flip<\/td>\n<\/tr>\n<tr>\n<td width=\"149\">Image\u00a0Adjustment<\/td>\n<td width=\"557\">Brightness, Contrast, Sharpness, Saturation, Chroma<\/td>\n<\/tr>\n<tr>\n<td style=\"background-color: #5b9bd5; color: #ffffff;\" colspan=\"2\" width=\"706\">Humanoid\u00a0Detection<\/td>\n<\/tr>\n<tr>\n<td width=\"149\">Detection\u00a0Quantity<\/td>\n<td width=\"557\">\u22645\u00a0people\u00a0humanoid<\/td>\n<\/tr>\n<tr>\n<td width=\"149\">Humanoid\u00a0Size<\/td>\n<td width=\"557\">Humanoid\u00a0Pixel\u226540X40<\/td>\n<\/tr>\n<tr>\n<td width=\"149\">Detection\u00a0Ratio<\/td>\n<td width=\"557\">\u226599%\uff08meet\u00a0above\u00a0requirement\uff09<\/td>\n<\/tr>\n<tr>\n<td width=\"149\">Capture\u00a0Speed<\/td>\n<td width=\"557\">\u22641s<\/td>\n<\/tr>\n<tr>\n<td width=\"149\">Max\u00a0Detection\u00a0Frame<\/td>\n<td width=\"557\">5fps\/s<\/td>\n<\/tr>\n<tr>\n<td width=\"149\">Fault\u00a0Detection\u00a0Ratio<\/td>\n<td width=\"557\">\u22642%<\/td>\n<\/tr>\n<tr>\n<td width=\"149\">Detection\u00a0Part<\/td>\n<td width=\"557\">People\u00a0with\u00a0any\u00a0posture\u00a0including\u00a0half\u00a0body,\u00a0head,\u00a0hand,\u00a0shoulder<\/td>\n<\/tr>\n<tr>\n<td width=\"149\">Human Tracking<\/td>\n<td width=\"557\">Support<\/td>\n<\/tr>\n<tr>\n<td width=\"149\">Detection\u00a0Mode<\/td>\n<td width=\"557\">Support\u00a0static\u00a0and\u00a0dynamic\u00a0humanoid\u00a0detection<\/td>\n<\/tr>\n<tr>\n<td width=\"149\">Detection\u00a0method<\/td>\n<td width=\"557\">Support\u00a0visible\u00a0light\u00a0image\u00a0detection,\u00a0and\u00a0near\u00a0infrared\u00a0image\u00a0detection<\/td>\n<\/tr>\n<tr>\n<td width=\"149\">Detection\u00a0Area<\/td>\n<td width=\"557\">Appointed\u00a0area,\u00a0default\u00a0full-screen<\/td>\n<\/tr>\n<tr>\n<td width=\"149\">Upload\u00a0Method<\/td>\n<td width=\"557\">Upload\u00a0it\u00a0under\u00a0private\u00a0protocol<\/td>\n<\/tr>\n<tr>\n<td width=\"149\">Trigger\u00a0Method<\/td>\n<td width=\"557\">Video\u00a0trigger<\/td>\n<\/tr>\n<tr>\n<td style=\"background-color: #5b9bd5; color: #ffffff;\" colspan=\"2\" width=\"706\">Audio\u00a0&amp;\u00a0Video\u00a0Encoding<\/td>\n<\/tr>\n<tr>\n<td width=\"149\">Video\u00a0Encoding<\/td>\n<td width=\"557\">S.265\/H.265\/H.264<\/td>\n<\/tr>\n<tr>\n<td rowspan=\"2\" width=\"149\">Stream\/Frame Rate<\/td>\n<td width=\"557\">Main stream: 5MP 2592\u00d71904@20fps, 4MP 2560\u00d71440@20fps, 2MP 1920\u00d71080@25fps<\/td>\n<\/tr>\n<tr>\n<td width=\"557\">Sub\u00a0stream:D1(720*576),VGA(640*360), 480\u00d7360@25\/30fps<\/td>\n<\/tr>\n<tr>\n<td width=\"149\">Bit rate control<\/td>\n<td width=\"557\">CBR\/VBR (Main\u00a0stream bitrate:160kbps-4000kbps, Sub stream bitrate: 128kbps-1500kbps)<\/td>\n<\/tr>\n<tr>\n<td width=\"149\">Stream\u00a0Type<\/td>\n<td width=\"557\">Video stream; Video&amp; Audio stream<\/td>\n<\/tr>\n<tr>\n<td width=\"149\">Audio\u00a0Standard<\/td>\n<td width=\"557\">G.711u\u00a0\/\u00a064Kbps<\/td>\n<\/tr>\n<tr>\n<td style=\"background-color: #5b9bd5; color: #ffffff;\" colspan=\"2\" width=\"706\">Network\u00a0Function<\/td>\n<\/tr>\n<tr>\n<td width=\"149\">Protocol<\/td>\n<td width=\"557\">TCP\/IP,\u00a0UDP,\u00a0HTTP,\u00a0HTTPS,\u00a0DHCP,\u00a0RTSP,\u00a0RTP,\u00a0IPv4,\u00a0DDNS,\u00a0NTP,\u00a0PPPOE,\u00a0UPNP,\u00a0SMTP,\u00a0DNS,\u00a0QoS<\/td>\n<\/tr>\n<tr>\n<td width=\"149\">Connection\u00a0Protocol<\/td>\n<td width=\"557\">ONVIF,\u00a0SLINK<\/td>\n<\/tr>\n<tr>\n<td width=\"149\">Max.User Access<\/td>\n<td width=\"557\">5\u00a0pcs<\/td>\n<\/tr>\n<tr>\n<td rowspan=\"2\" width=\"149\">Security\u00a0Mode<\/td>\n<td width=\"557\">Authorized\u00a0user\u00a0name\u00a0and\u00a0password,\u00a0HTTPS\u00a0with\u00a0password,\u00a0AES\u00a0connecting\u00a0with\u00a0password,<\/td>\n<\/tr>\n<tr>\n<td width=\"557\">\u00a0RTSP\u00a0verification<\/td>\n<\/tr>\n<tr>\n<td width=\"149\">Motion\u00a0Detection<\/td>\n<td width=\"557\">Set\u00a0detection\u00a0area,\u00a0can\u00a0set\u00a0multi-level\u00a0sensitivity<\/td>\n<\/tr>\n<tr>\n<td width=\"149\">Privacy\u00a0Mask\u00a0Alarm<\/td>\n<td width=\"557\">Support\u00a01\u00a0area\u00a0setting<\/td>\n<\/tr>\n<tr>\n<td width=\"149\">Privacy\u00a0Mask<\/td>\n<td width=\"557\">Support\u00a04\u00a0area\u00a0privacy\u00a0mask<\/td>\n<\/tr>\n<tr>\n<td width=\"149\">Schedule\u00a0Linkage<\/td>\n<td width=\"557\">Capture,\u00a0email<\/td>\n<\/tr>\n<tr>\n<td width=\"149\">Anomaly\u00a0Inspection<\/td>\n<td width=\"557\">Support\u00a0network\u00a0broken\u00a0alarm,\u00a0IP\u00a0conflict\u00a0alarm,\u00a0illegal\u00a0visiting\u00a0alarm<\/td>\n<\/tr>\n<tr>\n<td width=\"149\">Character\u00a0Overlay<\/td>\n<td width=\"557\">Title, time and date overlay, multi-line OSD, OSD color is optional<\/td>\n<\/tr>\n<tr>\n<td style=\"background-color: #5b9bd5; color: #ffffff;\" colspan=\"2\" width=\"706\">Port<\/td>\n<\/tr>\n<tr>\n<td width=\"149\">Network\u00a0Port<\/td>\n<td width=\"557\">1 Ethernet(10\/100M Base-T) RJ 45 Connector<\/td>\n<\/tr>\n<tr>\n<td width=\"149\">TF\u00a0Card\u00a0slot<\/td>\n<td width=\"557\">\/<\/td>\n<\/tr>\n<tr>\n<td width=\"149\">Audio\u00a0input<\/td>\n<td width=\"557\">Microphone\u00a0built\u00a0in<\/td>\n<\/tr>\n<tr>\n<td width=\"149\">Audio\u00a0output<\/td>\n<td width=\"557\">\/<\/td>\n<\/tr>\n<tr>\n<td width=\"149\">Alarm\u00a0in\/output<\/td>\n<td width=\"557\">\/<\/td>\n<\/tr>\n<tr>\n<td style=\"background-color: #5b9bd5; color: #ffffff;\" colspan=\"2\" width=\"706\">General<\/td>\n<\/tr>\n<tr>\n<td width=\"149\">Power\u00a0Supply<\/td>\n<td width=\"557\">DC12V 0.5A,\u00a0max.\u00a05W;\u00a0PoE:\u00a0IEEE\u00a0802.3af,\u00a0max.\u00a06W<\/td>\n<\/tr>\n<tr>\n<td width=\"149\">Protection<\/td>\n<td width=\"557\">Metal, IP67<\/td>\n<\/tr>\n<tr>\n<td width=\"149\">Size<\/td>\n<td width=\"557\">111.00(D)x95.00(H)mm<\/td>\n<\/tr>\n<tr>\n<td width=\"149\">Working\u00a0Temperature<\/td>\n<td width=\"557\">-30\u00b0C\u00a0~\u00a060\u00b0C<\/td>\n<\/tr>\n<tr>\n<td width=\"149\">Working\u00a0Humidity<\/td>\n<td width=\"557\">0\ufe6a~90\ufe6a<\/td>\n<\/tr>\n<\/tbody>\n<\/table>\n<\/div>","protected":false},"excerpt":{"rendered":"<ul>\n<li data-path-to-node=\"4\">5\u10db\u10de, 3.6\u10db\u10db<\/li>\n<li data-path-to-node=\"4\">\u10d0\u10d3\u10d0\u10db\u10d8\u10dc\u10d8\u10e1 \u10db\u10dd\u10eb\u10e0\u10d0\u10dd\u10d1\u10d8\u10e1 \u10d3\u10d0\u10e4\u10d8\u10e5\u10e1\u10d8\u10e0\u10d4\u10d1\u10d0<\/li>\n<li data-path-to-node=\"4\">\u10e6\u10d0\u10db\u10d8\u10e1 \u10ee\u10d4\u10d3\u10d5\u10d8\u10e1 \u10dd\u10e0\u10db\u10d0\u10d2\u10d8 \u10e0\u10d4\u10df\u10d8\u10db\u10d8<\/li>\n<li data-path-to-node=\"4\">\u10db\u10d8\u10d9\u10e0\u10d0\u10e4\u10dd\u10dc\u10d8<\/li>\n<\/ul>\n<h3 class=\"\" data-path-to-node=\"5\"><\/h3>","protected":false},"featured_media":8538,"comment_status":"open","ping_status":"closed","template":"","meta":{"_acf_changed":false,"_joinchat":[]},"product_cat":[217,195],"product_tag":[],"class_list":{"0":"post-2940","1":"product","2":"type-product","3":"status-publish","4":"has-post-thumbnail","6":"product_cat-5-mp","7":"product_cat-195","8":"pa_brand-secumate","10":"first","11":"instock","12":"shipping-taxable","13":"purchasable","14":"product-type-simple","swatches":"rey-swatches","show_selected":""},"acf":[],"yoast_head":"<!-- This site is optimized with the Yoast SEO plugin v26.0 - https:\/\/yoast.com\/wordpress\/plugins\/seo\/ -->\n<title>5MP IP \u10d9\u10d0\u10db\u10d4\u10e0\u10d0 SE-EM5HD82<\/title>\n<meta name=\"description\" content=\"\u10e8\u10d4\u10d8\u10eb\u10d8\u10dc\u10d4\u10d7 \u10de\u10e0\u10dd\u10e4\u10d4\u10e1\u10d8\u10dd\u10dc\u10d0\u10da\u10e3\u10e0\u10d8 \u10db\u10d4\u10e2\u10d0\u10da\u10d8\u10e1 \u10d0\u10db\u10d4\u10e0\u10d0 \u10d0\u10d3\u10d0\u10db\u10d8\u10d0\u10dc\u10d8\u10e1 \u10d0\u10db\u10dd\u10ea\u10dc\u10dd\u10d1\u10d8\u10e1 \u10e4\u10e3\u10dc\u10e5\u10ea\u10d8\u10d8\u10d7. 30\u10db IR \u10e6\u10d0\u10db\u10d8\u10e1 \u10ee\u10d4\u10d3\u10d5\u10d0, IP67 \u10d3\u10d0\u10ea\u10d5\u10d0 \u10d3\u10d0 PoE \u10db\u10ee\u10d0\u10e0\u10d3\u10d0\u10ed\u10d4\u10e0\u10d0.\" \/>\n<meta name=\"robots\" content=\"index, follow, max-snippet:-1, max-image-preview:large, max-video-preview:-1\" \/>\n<link rel=\"canonical\" href=\"https:\/\/pronet.ge\/en\/shop\/5mp-ip-\u10d9\u10d0\u10db\u10d4\u10e0\u10d0-se-em5hd82\/\" \/>\n<meta property=\"og:locale\" content=\"en_US\" \/>\n<meta property=\"og:type\" content=\"article\" \/>\n<meta property=\"og:title\" content=\"5MP IP \u10d9\u10d0\u10db\u10d4\u10e0\u10d0 SE-EM5HD82\" \/>\n<meta property=\"og:description\" content=\"\u10e8\u10d4\u10d8\u10eb\u10d8\u10dc\u10d4\u10d7 \u10de\u10e0\u10dd\u10e4\u10d4\u10e1\u10d8\u10dd\u10dc\u10d0\u10da\u10e3\u10e0\u10d8 \u10db\u10d4\u10e2\u10d0\u10da\u10d8\u10e1 \u10d0\u10db\u10d4\u10e0\u10d0 \u10d0\u10d3\u10d0\u10db\u10d8\u10d0\u10dc\u10d8\u10e1 \u10d0\u10db\u10dd\u10ea\u10dc\u10dd\u10d1\u10d8\u10e1 \u10e4\u10e3\u10dc\u10e5\u10ea\u10d8\u10d8\u10d7. 30\u10db IR \u10e6\u10d0\u10db\u10d8\u10e1 \u10ee\u10d4\u10d3\u10d5\u10d0, IP67 \u10d3\u10d0\u10ea\u10d5\u10d0 \u10d3\u10d0 PoE \u10db\u10ee\u10d0\u10e0\u10d3\u10d0\u10ed\u10d4\u10e0\u10d0.\" \/>\n<meta property=\"og:url\" content=\"https:\/\/pronet.ge\/en\/shop\/5mp-ip-\u10d9\u10d0\u10db\u10d4\u10e0\u10d0-se-em5hd82\/\" \/>\n<meta property=\"og:site_name\" content=\"\u10de\u10e0\u10dd\u10e4\u10d4\u10e1\u10d8\u10dd\u10dc\u10d0\u10da\u10e3\u10e0\u10d8 \u10d5\u10d8\u10d3\u10d4\u10dd\u10e1\u10d0\u10db\u10d4\u10d7\u10d5\u10d0\u10da\u10e7\u10e3\u10e0\u10d4\u10dd \u10d3\u10d0 IT \u10e2\u10d4\u10e5\u10dc\u10d8\u10d9\u10d8\u10e1 \u10dd\u10dc\u10da\u10d0\u10d8\u10dc \u10db\u10d0\u10e6\u10d0\u10d6\u10d8\u10d0\" \/>\n<meta property=\"article:modified_time\" content=\"2026-04-14T10:43:28+00:00\" \/>\n<meta property=\"og:image\" content=\"https:\/\/pronet.ge\/wp-content\/uploads\/2025\/10\/12113-1.png\" \/>\n\t<meta property=\"og:image:width\" content=\"400\" \/>\n\t<meta property=\"og:image:height\" content=\"400\" \/>\n\t<meta property=\"og:image:type\" content=\"image\/png\" \/>\n<meta name=\"twitter:card\" content=\"summary_large_image\" \/>\n<meta name=\"twitter:label1\" content=\"Est. reading time\" \/>\n\t<meta name=\"twitter:data1\" content=\"3 minutes\" \/>\n<script type=\"application\/ld+json\" class=\"yoast-schema-graph\">{\"@context\":\"https:\/\/schema.org\",\"@graph\":[{\"@type\":\"WebPage\",\"@id\":\"https:\/\/pronet.ge\/shop\/5mp-ip-%e1%83%99%e1%83%90%e1%83%9b%e1%83%94%e1%83%a0%e1%83%90-se-em5hd82\/\",\"url\":\"https:\/\/pronet.ge\/shop\/5mp-ip-%e1%83%99%e1%83%90%e1%83%9b%e1%83%94%e1%83%a0%e1%83%90-se-em5hd82\/\",\"name\":\"5MP IP \u10d9\u10d0\u10db\u10d4\u10e0\u10d0 SE-EM5HD82\",\"isPartOf\":{\"@id\":\"https:\/\/pronet.ge\/#website\"},\"primaryImageOfPage\":{\"@id\":\"https:\/\/pronet.ge\/shop\/5mp-ip-%e1%83%99%e1%83%90%e1%83%9b%e1%83%94%e1%83%a0%e1%83%90-se-em5hd82\/#primaryimage\"},\"image\":{\"@id\":\"https:\/\/pronet.ge\/shop\/5mp-ip-%e1%83%99%e1%83%90%e1%83%9b%e1%83%94%e1%83%a0%e1%83%90-se-em5hd82\/#primaryimage\"},\"thumbnailUrl\":\"https:\/\/pronet.ge\/wp-content\/uploads\/2025\/10\/12113-1.png\",\"datePublished\":\"2025-10-10T11:47:43+00:00\",\"dateModified\":\"2026-04-14T10:43:28+00:00\",\"description\":\"\u10e8\u10d4\u10d8\u10eb\u10d8\u10dc\u10d4\u10d7 \u10de\u10e0\u10dd\u10e4\u10d4\u10e1\u10d8\u10dd\u10dc\u10d0\u10da\u10e3\u10e0\u10d8 \u10db\u10d4\u10e2\u10d0\u10da\u10d8\u10e1 \u10d0\u10db\u10d4\u10e0\u10d0 \u10d0\u10d3\u10d0\u10db\u10d8\u10d0\u10dc\u10d8\u10e1 \u10d0\u10db\u10dd\u10ea\u10dc\u10dd\u10d1\u10d8\u10e1 \u10e4\u10e3\u10dc\u10e5\u10ea\u10d8\u10d8\u10d7. 30\u10db IR \u10e6\u10d0\u10db\u10d8\u10e1 \u10ee\u10d4\u10d3\u10d5\u10d0, IP67 \u10d3\u10d0\u10ea\u10d5\u10d0 \u10d3\u10d0 PoE \u10db\u10ee\u10d0\u10e0\u10d3\u10d0\u10ed\u10d4\u10e0\u10d0.\",\"breadcrumb\":{\"@id\":\"https:\/\/pronet.ge\/shop\/5mp-ip-%e1%83%99%e1%83%90%e1%83%9b%e1%83%94%e1%83%a0%e1%83%90-se-em5hd82\/#breadcrumb\"},\"inLanguage\":\"en-US\",\"potentialAction\":[{\"@type\":\"ReadAction\",\"target\":[\"https:\/\/pronet.ge\/shop\/5mp-ip-%e1%83%99%e1%83%90%e1%83%9b%e1%83%94%e1%83%a0%e1%83%90-se-em5hd82\/\"]}]},{\"@type\":\"ImageObject\",\"inLanguage\":\"en-US\",\"@id\":\"https:\/\/pronet.ge\/shop\/5mp-ip-%e1%83%99%e1%83%90%e1%83%9b%e1%83%94%e1%83%a0%e1%83%90-se-em5hd82\/#primaryimage\",\"url\":\"https:\/\/pronet.ge\/wp-content\/uploads\/2025\/10\/12113-1.png\",\"contentUrl\":\"https:\/\/pronet.ge\/wp-content\/uploads\/2025\/10\/12113-1.png\",\"width\":400,\"height\":400,\"caption\":\"6MP Dome Metal Camera \u2013 Dual Light, Full Color, Human Detection \u2013 SE-QN6WD82\"},{\"@type\":\"BreadcrumbList\",\"@id\":\"https:\/\/pronet.ge\/shop\/5mp-ip-%e1%83%99%e1%83%90%e1%83%9b%e1%83%94%e1%83%a0%e1%83%90-se-em5hd82\/#breadcrumb\",\"itemListElement\":[{\"@type\":\"ListItem\",\"position\":1,\"name\":\"Home\",\"item\":\"https:\/\/pronet.ge\/\"},{\"@type\":\"ListItem\",\"position\":2,\"name\":\"\u10de\u10e0\u10dd\u10d3\u10e3\u10e5\u10ea\u10d8\u10d0\",\"item\":\"https:\/\/pronet.ge\/shop\/\"},{\"@type\":\"ListItem\",\"position\":3,\"name\":\"5MP Dome Metal Camera \u2013 Dual Light, Human Detection \u2013 SE-EM5HD82\"}]},{\"@type\":\"WebSite\",\"@id\":\"https:\/\/pronet.ge\/#website\",\"url\":\"https:\/\/pronet.ge\/\",\"name\":\"\u10de\u10e0\u10dd\u10e4\u10d4\u10e1\u10d8\u10dd\u10dc\u10d0\u10da\u10e3\u10e0\u10d8 \u10d5\u10d8\u10d3\u10d4\u10dd\u10e1\u10d0\u10db\u10d4\u10d7\u10d5\u10d0\u10da\u10e7\u10e3\u10e0\u10d4\u10dd \u10d3\u10d0 IT \u10e2\u10d4\u10e5\u10dc\u10d8\u10d9\u10d8\u10e1 \u10dd\u10dc\u10da\u10d0\u10d8\u10dc \u10db\u10d0\u10e6\u10d0\u10d6\u10d8\u10d0\",\"description\":\"\u10e3\u10e1\u10d0\u10e4\u10e0\u10d7\u10ee\u10dd\u10d4\u10d1\u10d8\u10e1 \u10d3\u10d0 IT \u10d8\u10dc\u10e4\u10e0\u10d0\u10e1\u10e2\u10e0\u10e3\u10e5\u10e2\u10e3\u10e0\u10d8\u10e1 \u10dd\u10dc\u10da\u10d0\u10d8\u10dc \u10db\u10d0\u10e6\u10d0\u10d6\u10d8\u10d0\",\"publisher\":{\"@id\":\"https:\/\/pronet.ge\/#organization\"},\"potentialAction\":[{\"@type\":\"SearchAction\",\"target\":{\"@type\":\"EntryPoint\",\"urlTemplate\":\"https:\/\/pronet.ge\/?s={search_term_string}\"},\"query-input\":{\"@type\":\"PropertyValueSpecification\",\"valueRequired\":true,\"valueName\":\"search_term_string\"}}],\"inLanguage\":\"en-US\"},{\"@type\":\"Organization\",\"@id\":\"https:\/\/pronet.ge\/#organization\",\"name\":\"\u10de\u10e0\u10dd\u10e4\u10d4\u10e1\u10d8\u10dd\u10dc\u10d0\u10da\u10e3\u10e0\u10d8 \u10d5\u10d8\u10d3\u10d4\u10dd\u10e1\u10d0\u10db\u10d4\u10d7\u10d5\u10d0\u10da\u10e7\u10e3\u10e0\u10d4\u10dd \u10d3\u10d0 IT \u10e2\u10d4\u10e5\u10dc\u10d8\u10d9\u10d8\u10e1 \u10dd\u10dc\u10da\u10d0\u10d8\u10dc \u10db\u10d0\u10e6\u10d0\u10d6\u10d8\u10d0\",\"url\":\"https:\/\/pronet.ge\/\",\"logo\":{\"@type\":\"ImageObject\",\"inLanguage\":\"en-US\",\"@id\":\"https:\/\/pronet.ge\/#\/schema\/logo\/image\/\",\"url\":\"https:\/\/pronet.ge\/wp-content\/uploads\/2025\/07\/cropped-PRO-NET-LOGO.png\",\"contentUrl\":\"https:\/\/pronet.ge\/wp-content\/uploads\/2025\/07\/cropped-PRO-NET-LOGO.png\",\"width\":1851,\"height\":984,\"caption\":\"\u10de\u10e0\u10dd\u10e4\u10d4\u10e1\u10d8\u10dd\u10dc\u10d0\u10da\u10e3\u10e0\u10d8 \u10d5\u10d8\u10d3\u10d4\u10dd\u10e1\u10d0\u10db\u10d4\u10d7\u10d5\u10d0\u10da\u10e7\u10e3\u10e0\u10d4\u10dd \u10d3\u10d0 IT \u10e2\u10d4\u10e5\u10dc\u10d8\u10d9\u10d8\u10e1 \u10dd\u10dc\u10da\u10d0\u10d8\u10dc \u10db\u10d0\u10e6\u10d0\u10d6\u10d8\u10d0\"},\"image\":{\"@id\":\"https:\/\/pronet.ge\/#\/schema\/logo\/image\/\"}}]}<\/script>\n<!-- \/ Yoast SEO plugin. -->","yoast_head_json":{"title":"5MP IP \u10d9\u10d0\u10db\u10d4\u10e0\u10d0 SE-EM5HD82","description":"\u10e8\u10d4\u10d8\u10eb\u10d8\u10dc\u10d4\u10d7 \u10de\u10e0\u10dd\u10e4\u10d4\u10e1\u10d8\u10dd\u10dc\u10d0\u10da\u10e3\u10e0\u10d8 \u10db\u10d4\u10e2\u10d0\u10da\u10d8\u10e1 \u10d0\u10db\u10d4\u10e0\u10d0 \u10d0\u10d3\u10d0\u10db\u10d8\u10d0\u10dc\u10d8\u10e1 \u10d0\u10db\u10dd\u10ea\u10dc\u10dd\u10d1\u10d8\u10e1 \u10e4\u10e3\u10dc\u10e5\u10ea\u10d8\u10d8\u10d7. 30\u10db IR \u10e6\u10d0\u10db\u10d8\u10e1 \u10ee\u10d4\u10d3\u10d5\u10d0, IP67 \u10d3\u10d0\u10ea\u10d5\u10d0 \u10d3\u10d0 PoE \u10db\u10ee\u10d0\u10e0\u10d3\u10d0\u10ed\u10d4\u10e0\u10d0.","robots":{"index":"index","follow":"follow","max-snippet":"max-snippet:-1","max-image-preview":"max-image-preview:large","max-video-preview":"max-video-preview:-1"},"canonical":"https:\/\/pronet.ge\/en\/shop\/5mp-ip-\u10d9\u10d0\u10db\u10d4\u10e0\u10d0-se-em5hd82\/","og_locale":"en_US","og_type":"article","og_title":"5MP IP \u10d9\u10d0\u10db\u10d4\u10e0\u10d0 SE-EM5HD82","og_description":"\u10e8\u10d4\u10d8\u10eb\u10d8\u10dc\u10d4\u10d7 \u10de\u10e0\u10dd\u10e4\u10d4\u10e1\u10d8\u10dd\u10dc\u10d0\u10da\u10e3\u10e0\u10d8 \u10db\u10d4\u10e2\u10d0\u10da\u10d8\u10e1 \u10d0\u10db\u10d4\u10e0\u10d0 \u10d0\u10d3\u10d0\u10db\u10d8\u10d0\u10dc\u10d8\u10e1 \u10d0\u10db\u10dd\u10ea\u10dc\u10dd\u10d1\u10d8\u10e1 \u10e4\u10e3\u10dc\u10e5\u10ea\u10d8\u10d8\u10d7. 30\u10db IR \u10e6\u10d0\u10db\u10d8\u10e1 \u10ee\u10d4\u10d3\u10d5\u10d0, IP67 \u10d3\u10d0\u10ea\u10d5\u10d0 \u10d3\u10d0 PoE \u10db\u10ee\u10d0\u10e0\u10d3\u10d0\u10ed\u10d4\u10e0\u10d0.","og_url":"https:\/\/pronet.ge\/en\/shop\/5mp-ip-\u10d9\u10d0\u10db\u10d4\u10e0\u10d0-se-em5hd82\/","og_site_name":"\u10de\u10e0\u10dd\u10e4\u10d4\u10e1\u10d8\u10dd\u10dc\u10d0\u10da\u10e3\u10e0\u10d8 \u10d5\u10d8\u10d3\u10d4\u10dd\u10e1\u10d0\u10db\u10d4\u10d7\u10d5\u10d0\u10da\u10e7\u10e3\u10e0\u10d4\u10dd \u10d3\u10d0 IT \u10e2\u10d4\u10e5\u10dc\u10d8\u10d9\u10d8\u10e1 \u10dd\u10dc\u10da\u10d0\u10d8\u10dc \u10db\u10d0\u10e6\u10d0\u10d6\u10d8\u10d0","article_modified_time":"2026-04-14T10:43:28+00:00","og_image":[{"width":400,"height":400,"url":"https:\/\/pronet.ge\/wp-content\/uploads\/2025\/10\/12113-1.png","type":"image\/png"}],"twitter_card":"summary_large_image","twitter_misc":{"Est. reading time":"3 minutes"},"schema":{"@context":"https:\/\/schema.org","@graph":[{"@type":"WebPage","@id":"https:\/\/pronet.ge\/shop\/5mp-ip-%e1%83%99%e1%83%90%e1%83%9b%e1%83%94%e1%83%a0%e1%83%90-se-em5hd82\/","url":"https:\/\/pronet.ge\/shop\/5mp-ip-%e1%83%99%e1%83%90%e1%83%9b%e1%83%94%e1%83%a0%e1%83%90-se-em5hd82\/","name":"5MP IP \u10d9\u10d0\u10db\u10d4\u10e0\u10d0 SE-EM5HD82","isPartOf":{"@id":"https:\/\/pronet.ge\/#website"},"primaryImageOfPage":{"@id":"https:\/\/pronet.ge\/shop\/5mp-ip-%e1%83%99%e1%83%90%e1%83%9b%e1%83%94%e1%83%a0%e1%83%90-se-em5hd82\/#primaryimage"},"image":{"@id":"https:\/\/pronet.ge\/shop\/5mp-ip-%e1%83%99%e1%83%90%e1%83%9b%e1%83%94%e1%83%a0%e1%83%90-se-em5hd82\/#primaryimage"},"thumbnailUrl":"https:\/\/pronet.ge\/wp-content\/uploads\/2025\/10\/12113-1.png","datePublished":"2025-10-10T11:47:43+00:00","dateModified":"2026-04-14T10:43:28+00:00","description":"\u10e8\u10d4\u10d8\u10eb\u10d8\u10dc\u10d4\u10d7 \u10de\u10e0\u10dd\u10e4\u10d4\u10e1\u10d8\u10dd\u10dc\u10d0\u10da\u10e3\u10e0\u10d8 \u10db\u10d4\u10e2\u10d0\u10da\u10d8\u10e1 \u10d0\u10db\u10d4\u10e0\u10d0 \u10d0\u10d3\u10d0\u10db\u10d8\u10d0\u10dc\u10d8\u10e1 \u10d0\u10db\u10dd\u10ea\u10dc\u10dd\u10d1\u10d8\u10e1 \u10e4\u10e3\u10dc\u10e5\u10ea\u10d8\u10d8\u10d7. 30\u10db IR \u10e6\u10d0\u10db\u10d8\u10e1 \u10ee\u10d4\u10d3\u10d5\u10d0, IP67 \u10d3\u10d0\u10ea\u10d5\u10d0 \u10d3\u10d0 PoE \u10db\u10ee\u10d0\u10e0\u10d3\u10d0\u10ed\u10d4\u10e0\u10d0.","breadcrumb":{"@id":"https:\/\/pronet.ge\/shop\/5mp-ip-%e1%83%99%e1%83%90%e1%83%9b%e1%83%94%e1%83%a0%e1%83%90-se-em5hd82\/#breadcrumb"},"inLanguage":"en-US","potentialAction":[{"@type":"ReadAction","target":["https:\/\/pronet.ge\/shop\/5mp-ip-%e1%83%99%e1%83%90%e1%83%9b%e1%83%94%e1%83%a0%e1%83%90-se-em5hd82\/"]}]},{"@type":"ImageObject","inLanguage":"en-US","@id":"https:\/\/pronet.ge\/shop\/5mp-ip-%e1%83%99%e1%83%90%e1%83%9b%e1%83%94%e1%83%a0%e1%83%90-se-em5hd82\/#primaryimage","url":"https:\/\/pronet.ge\/wp-content\/uploads\/2025\/10\/12113-1.png","contentUrl":"https:\/\/pronet.ge\/wp-content\/uploads\/2025\/10\/12113-1.png","width":400,"height":400,"caption":"6MP Dome Metal Camera \u2013 Dual Light, Full Color, Human Detection \u2013 SE-QN6WD82"},{"@type":"BreadcrumbList","@id":"https:\/\/pronet.ge\/shop\/5mp-ip-%e1%83%99%e1%83%90%e1%83%9b%e1%83%94%e1%83%a0%e1%83%90-se-em5hd82\/#breadcrumb","itemListElement":[{"@type":"ListItem","position":1,"name":"Home","item":"https:\/\/pronet.ge\/"},{"@type":"ListItem","position":2,"name":"\u10de\u10e0\u10dd\u10d3\u10e3\u10e5\u10ea\u10d8\u10d0","item":"https:\/\/pronet.ge\/shop\/"},{"@type":"ListItem","position":3,"name":"5MP Dome Metal Camera \u2013 Dual Light, Human Detection \u2013 SE-EM5HD82"}]},{"@type":"WebSite","@id":"https:\/\/pronet.ge\/#website","url":"https:\/\/pronet.ge\/","name":"\u10de\u10e0\u10dd\u10e4\u10d4\u10e1\u10d8\u10dd\u10dc\u10d0\u10da\u10e3\u10e0\u10d8 \u10d5\u10d8\u10d3\u10d4\u10dd\u10e1\u10d0\u10db\u10d4\u10d7\u10d5\u10d0\u10da\u10e7\u10e3\u10e0\u10d4\u10dd \u10d3\u10d0 IT \u10e2\u10d4\u10e5\u10dc\u10d8\u10d9\u10d8\u10e1 \u10dd\u10dc\u10da\u10d0\u10d8\u10dc \u10db\u10d0\u10e6\u10d0\u10d6\u10d8\u10d0","description":"\u10e3\u10e1\u10d0\u10e4\u10e0\u10d7\u10ee\u10dd\u10d4\u10d1\u10d8\u10e1 \u10d3\u10d0 IT \u10d8\u10dc\u10e4\u10e0\u10d0\u10e1\u10e2\u10e0\u10e3\u10e5\u10e2\u10e3\u10e0\u10d8\u10e1 \u10dd\u10dc\u10da\u10d0\u10d8\u10dc \u10db\u10d0\u10e6\u10d0\u10d6\u10d8\u10d0","publisher":{"@id":"https:\/\/pronet.ge\/#organization"},"potentialAction":[{"@type":"SearchAction","target":{"@type":"EntryPoint","urlTemplate":"https:\/\/pronet.ge\/?s={search_term_string}"},"query-input":{"@type":"PropertyValueSpecification","valueRequired":true,"valueName":"search_term_string"}}],"inLanguage":"en-US"},{"@type":"Organization","@id":"https:\/\/pronet.ge\/#organization","name":"\u10de\u10e0\u10dd\u10e4\u10d4\u10e1\u10d8\u10dd\u10dc\u10d0\u10da\u10e3\u10e0\u10d8 \u10d5\u10d8\u10d3\u10d4\u10dd\u10e1\u10d0\u10db\u10d4\u10d7\u10d5\u10d0\u10da\u10e7\u10e3\u10e0\u10d4\u10dd \u10d3\u10d0 IT \u10e2\u10d4\u10e5\u10dc\u10d8\u10d9\u10d8\u10e1 \u10dd\u10dc\u10da\u10d0\u10d8\u10dc \u10db\u10d0\u10e6\u10d0\u10d6\u10d8\u10d0","url":"https:\/\/pronet.ge\/","logo":{"@type":"ImageObject","inLanguage":"en-US","@id":"https:\/\/pronet.ge\/#\/schema\/logo\/image\/","url":"https:\/\/pronet.ge\/wp-content\/uploads\/2025\/07\/cropped-PRO-NET-LOGO.png","contentUrl":"https:\/\/pronet.ge\/wp-content\/uploads\/2025\/07\/cropped-PRO-NET-LOGO.png","width":1851,"height":984,"caption":"\u10de\u10e0\u10dd\u10e4\u10d4\u10e1\u10d8\u10dd\u10dc\u10d0\u10da\u10e3\u10e0\u10d8 \u10d5\u10d8\u10d3\u10d4\u10dd\u10e1\u10d0\u10db\u10d4\u10d7\u10d5\u10d0\u10da\u10e7\u10e3\u10e0\u10d4\u10dd \u10d3\u10d0 IT \u10e2\u10d4\u10e5\u10dc\u10d8\u10d9\u10d8\u10e1 \u10dd\u10dc\u10da\u10d0\u10d8\u10dc \u10db\u10d0\u10e6\u10d0\u10d6\u10d8\u10d0"},"image":{"@id":"https:\/\/pronet.ge\/#\/schema\/logo\/image\/"}}]}},"_links":{"self":[{"href":"https:\/\/pronet.ge\/en\/wp-json\/wp\/v2\/product\/2940","targetHints":{"allow":["GET"]}}],"collection":[{"href":"https:\/\/pronet.ge\/en\/wp-json\/wp\/v2\/product"}],"about":[{"href":"https:\/\/pronet.ge\/en\/wp-json\/wp\/v2\/types\/product"}],"replies":[{"embeddable":true,"href":"https:\/\/pronet.ge\/en\/wp-json\/wp\/v2\/comments?post=2940"}],"wp:featuredmedia":[{"embeddable":true,"href":"https:\/\/pronet.ge\/en\/wp-json\/wp\/v2\/media\/8538"}],"wp:attachment":[{"href":"https:\/\/pronet.ge\/en\/wp-json\/wp\/v2\/media?parent=2940"}],"wp:term":[{"taxonomy":"product_cat","embeddable":true,"href":"https:\/\/pronet.ge\/en\/wp-json\/wp\/v2\/product_cat?post=2940"},{"taxonomy":"product_tag","embeddable":true,"href":"https:\/\/pronet.ge\/en\/wp-json\/wp\/v2\/product_tag?post=2940"}],"curies":[{"name":"wp","href":"https:\/\/api.w.org\/{rel}","templated":true}]}}